{"id":23224,"date":"2024-10-19T11:39:16","date_gmt":"2024-10-19T09:39:16","guid":{"rendered":"https:\/\/hessen.dakd.de\/?page_id=23224"},"modified":"2024-10-19T11:43:00","modified_gmt":"2024-10-19T09:43:00","slug":"404-not-found","status":"publish","type":"page","link":"https:\/\/hessen.dakd.de\/am\/404-not-found\/","title":{"rendered":"404"},"content":{"rendered":"<div class=\"fusion-fullwidth fullwidth-box fusion-builder-row-1 fusion-flex-container has-pattern-background has-mask-background nonhundred-percent-fullwidth non-hundred-percent-height-scrolling\" style=\"--awb-border-radius-top-left:0px;--awb-border-radius-top-right:0px;--awb-border-radius-bottom-right:0px;--awb-border-radius-bottom-left:0px;--awb-flex-wrap:wrap;\" ><div class=\"fusion-builder-row fusion-row fusion-flex-align-items-flex-start fusion-flex-content-wrap\" style=\"max-width:1248px;margin-left: calc(-4% \/ 2 );margin-right: calc(-4% \/ 2 );\"><div class=\"fusion-layout-column fusion_builder_column fusion-builder-column-0 fusion_builder_column_1_1 1_1 fusion-flex-column\" style=\"--awb-bg-size:cover;--awb-width-large:100%;--awb-margin-top-large:0px;--awb-spacing-right-large:1.92%;--awb-margin-bottom-large:20px;--awb-spacing-left-large:1.92%;--awb-width-medium:100%;--awb-order-medium:0;--awb-spacing-right-medium:1.92%;--awb-spacing-left-medium:1.92%;--awb-width-small:100%;--awb-order-small:0;--awb-spacing-right-small:1.92%;--awb-spacing-left-small:1.92%;\"><div class=\"fusion-column-wrapper fusion-column-has-shadow fusion-flex-justify-content-flex-start fusion-content-layout-column\"><div class=\"fusion-text fusion-text-1\"><p><!-- &#091;rev_slider alias=\"404-error-space\" \/&#093; --><\/p>\n<div><img decoding=\"async\" class=\"alignnone size-medium wp-image-34754 aligncenter\" src=\"https:\/\/hessen.dakd.de\/wp-content\/uploads\/2024\/10\/404.png\" alt=\"\" width=\"300\" height=\"247\" \/><\/div>\n<h1 style=\"text-align: center;\">404 \u2013 Seite wurde nicht gefunden.<\/h1>\n<div style=\"text-align: center;\">Entschuldigung, aber die Seite, die Sie suchen, konnte nicht gefunden werden. Es sieht so aus, als ob Sie sich verirrt haben. M\u00f6chten Sie zur\u00fcck zur Startseite gehen oder eine andere Seite ausprobieren? Bitte nutzen Sie die Auswahlm\u00f6glichkeiten oben oder unter in Navigationsleite auf dieser Seite.<\/div>\n<\/div><\/div><\/div><\/div><\/div>","protected":false},"excerpt":{"rendered":"","protected":false},"author":14,"featured_media":0,"parent":0,"menu_order":0,"comment_status":"closed","ping_status":"closed","template":"","meta":{"footnotes":""},"class_list":["post-23224","page","type-page","status-publish","hentry"],"_links":{"self":[{"href":"https:\/\/hessen.dakd.de\/am\/wp-json\/wp\/v2\/pages\/23224","targetHints":{"allow":["GET"]}}],"collection":[{"href":"https:\/\/hessen.dakd.de\/am\/wp-json\/wp\/v2\/pages"}],"about":[{"href":"https:\/\/hessen.dakd.de\/am\/wp-json\/wp\/v2\/types\/page"}],"author":[{"embeddable":true,"href":"https:\/\/hessen.dakd.de\/am\/wp-json\/wp\/v2\/users\/14"}],"replies":[{"embeddable":true,"href":"https:\/\/hessen.dakd.de\/am\/wp-json\/wp\/v2\/comments?post=23224"}],"version-history":[{"count":0,"href":"https:\/\/hessen.dakd.de\/am\/wp-json\/wp\/v2\/pages\/23224\/revisions"}],"wp:attachment":[{"href":"https:\/\/hessen.dakd.de\/am\/wp-json\/wp\/v2\/media?parent=23224"}],"curies":[{"name":"wp","href":"https:\/\/api.w.org\/{rel}","templated":true}]}}