{"id":4486,"date":"2020-03-19T09:52:08","date_gmt":"2020-03-19T08:52:08","guid":{"rendered":"https:\/\/hessen.dakd.de\/?page_id=4486"},"modified":"2020-08-08T07:05:26","modified_gmt":"2020-08-08T05:05:26","slug":"coronavirus","status":"publish","type":"page","link":"https:\/\/hessen.dakd.de\/am\/coronavirus\/","title":{"rendered":"Coronavirus"},"content":{"rendered":"<p><div class=\"fusion-fullwidth fullwidth-box fusion-builder-row-1 nonhundred-percent-fullwidth non-hundred-percent-height-scrolling\" style=\"--awb-border-radius-top-left:0px;--awb-border-radius-top-right:0px;--awb-border-radius-bottom-right:0px;--awb-border-radius-bottom-left:0px;--awb-flex-wrap:wrap;\" ><div class=\"fusion-builder-row fusion-row\"><div class=\"fusion-layout-column fusion_builder_column fusion-builder-column-0 fusion_builder_column_3_5 3_5 fusion-three-fifth fusion-column-first\" style=\"--awb-bg-size:cover;width:60%;width:calc(60% - ( ( 4% ) * 0.6 ) );margin-right: 4%;\"><div class=\"fusion-column-wrapper fusion-column-has-shadow fusion-flex-column-wrapper-legacy\"><div class=\"fusion-title title fusion-title-1 fusion-sep-none fusion-title-text fusion-title-size-two\"><h2 class=\"fusion-title-heading title-heading-left\" style=\"margin:0;\"><p>Tipps und Hinweise der Di\u00f6zese<br \/>\nder Armenischen Kirche in Deutschland<br \/>\nzur Corona-Pandemie<\/p><\/h2><\/div><div class=\"fusion-clearfix\"><\/div><\/div><\/div><div class=\"fusion-layout-column fusion_builder_column fusion-builder-column-1 fusion_builder_column_2_5 2_5 fusion-two-fifth fusion-column-last\" style=\"--awb-bg-size:cover;width:40%;width:calc(40% - ( ( 4% ) * 0.4 ) );\"><div class=\"fusion-column-wrapper fusion-column-has-shadow fusion-flex-column-wrapper-legacy\"><div class=\"fusion-image-element in-legacy-container\" style=\"--awb-caption-title-font-family:var(--h2_typography-font-family);--awb-caption-title-font-weight:var(--h2_typography-font-weight);--awb-caption-title-font-style:var(--h2_typography-font-style);--awb-caption-title-size:var(--h2_typography-font-size);--awb-caption-title-transform:var(--h2_typography-text-transform);--awb-caption-title-line-height:var(--h2_typography-line-height);--awb-caption-title-letter-spacing:var(--h2_typography-letter-spacing);\"><span class=\"fusion-imageframe imageframe-none imageframe-1 hover-type-none\"><a class=\"fusion-no-lightbox\" href=\"https:\/\/hessen.dakd.de\/am\/coronavirus\/\" target=\"_self\"><img decoding=\"async\" src=\"http:\/\/hessen.dakd.de\/wp-content\/uploads\/2020\/03\/1200-x-675-corona-1024x576.jpg\" alt class=\"img-responsive wp-image-4710\"\/><\/a><\/span><\/div><div class=\"fusion-clearfix\"><\/div><\/div><\/div><\/div><\/div><div class=\"fusion-fullwidth fullwidth-box fusion-builder-row-2 nonhundred-percent-fullwidth non-hundred-percent-height-scrolling\" style=\"--awb-border-radius-top-left:0px;--awb-border-radius-top-right:0px;--awb-border-radius-bottom-right:0px;--awb-border-radius-bottom-left:0px;--awb-flex-wrap:wrap;\" ><div class=\"fusion-builder-row fusion-row\"><div class=\"fusion-layout-column fusion_builder_column fusion-builder-column-2 fusion_builder_column_1_1 1_1 fusion-one-full fusion-column-first fusion-column-last\" style=\"--awb-bg-size:cover;\"><div class=\"fusion-column-wrapper fusion-column-has-shadow fusion-flex-column-wrapper-legacy\"><div class=\"fusion-title title fusion-title-2 fusion-title-text fusion-title-size-two\"><h2 class=\"fusion-title-heading title-heading-left\" style=\"margin:0;\">Aktualisierungen<\/h2><span class=\"awb-title-spacer\"><\/span><div class=\"title-sep-container\"><div class=\"title-sep sep-double sep-solid\" style=\"border-color:#e2e2e2;\"><\/div><\/div><\/div><div class=\"fusion-clearfix\"><\/div><\/div><\/div><\/div><\/div><div class=\"fusion-fullwidth fullwidth-box fusion-builder-row-3 nonhundred-percent-fullwidth non-hundred-percent-height-scrolling\" style=\"--awb-border-radius-top-left:0px;--awb-border-radius-top-right:0px;--awb-border-radius-bottom-right:0px;--awb-border-radius-bottom-left:0px;--awb-flex-wrap:wrap;\" ><div class=\"fusion-builder-row fusion-row\"><div class=\"fusion-layout-column fusion_builder_column fusion-builder-column-3 fusion_builder_column_1_1 1_1 fusion-one-full fusion-column-first fusion-column-last\" style=\"--awb-bg-size:cover;\"><div class=\"fusion-column-wrapper fusion-column-has-shadow fusion-flex-column-wrapper-legacy\"><div class=\"fusion-sep-clear\"><\/div><div class=\"fusion-separator fusion-full-width-sep\" style=\"margin-left: auto;margin-right: auto;margin-top:15px;margin-bottom:30px;width:100%;\"><div class=\"fusion-separator-border sep-double\" style=\"--awb-height:20px;--awb-amount:20px;--awb-sep-color:#ffac00;border-color:#ffac00;border-top-width:1px;border-bottom-width:1px;\"><\/div><\/div><div class=\"fusion-sep-clear\"><\/div><div class=\"fusion-title title fusion-title-3 fusion-sep-none fusion-title-text fusion-title-size-two\"><h2 class=\"fusion-title-heading title-heading-left\" style=\"margin:0;\"><p>ERKL\u00c4RUNG DES PRIMAS<br \/>\nZUR AKTUELLEN CORONAVIRUS-PANDEMIE<\/p><\/h2><\/div><div class=\"fusion-clearfix\"><\/div><\/div><\/div><div class=\"fusion-layout-column fusion_builder_column fusion-builder-column-4 fusion_builder_column_1_1 1_1 fusion-one-full fusion-column-first fusion-column-last\" style=\"--awb-bg-size:cover;\"><div class=\"fusion-column-wrapper fusion-column-has-shadow fusion-flex-column-wrapper-legacy\"><div class=\"fusion-text fusion-text-1\"><p>An die Geistlichen der Di\u00f6zese,<br \/>\nan die Vorst\u00e4nde der Di\u00f6zesangemeinden,<br \/>\nan die Mitglieder unserer Kirche,<\/p>\n<p><img decoding=\"async\" class=\"alignleft wp-image-3624 size-fusion-400\" src=\"http:\/\/hessen.dakd.de\/wp-content\/uploads\/2020\/03\/600x383-bischof-400x255.jpg\" alt=\"\" width=\"400\" height=\"255\" \/><\/p>\n<p>mit herzlichen Segensw\u00fcnschen zur Fastenzeit und innigstem Gebet f\u00fcr Eure Gesundheit m\u00f6chte ich als Euer Di\u00f6zesanbischof folgendes mitteilen:<\/p>\n<p>Die unaufhaltsame Ausbreitung der Coronavirus-Pandemie (COVID-19) ist \u00e4u\u00dferst beunruhigend und betrifft alle in unserer Gesellschaft. Es sind inzwischen mehrere Tausend Menschen in Deutschland mit dem Virus COVID-19 infiziert. Leider gibt es schon mehrere Todesf\u00e4lle. Unsere Di\u00f6zese kann von diesen Entwicklungen nicht unber\u00fchrt bleiben. Nach reichlicher \u00dcberlegung und st\u00e4ndiger Beratung mit dem Muttersitz unserer Kirche St. Etschmiadzin und pers\u00f6nlich mit S. H. Karekin II., Katholikos Aller Armenier, erachte ich es f\u00fcr notwendig, in Bezug auf unser Gemeindeleben folgende Ma\u00dfnahmen zu ergreifen:<\/p>\n<hr \/>\n<p><strong>1. Gottesdienste:<\/strong><\/p>\n<p>Ab Montag, 16. M\u00e4rz 2020, werden alle Gottesdienste und auch die sonnt\u00e4glichen Hl. Liturgien (Surp Badarak) in allen Gemeinden, au\u00dfer K\u00f6ln und G\u00f6ppingen, abgesagt. Diese Verordnung gilt bis einschlie\u00dflich zum 08. April 2020 und kann angesichts der evtl. weiteren Ausbreitung des Virus verl\u00e4ngert werden.<\/p>\n<ul>\n<li>In K\u00f6ln und G\u00f6ppingen d\u00fcrfen im oben erw\u00e4hnten Zeitraum die Gottesdienste unter Ausschluss der Gl\u00e4ubigen stattfinden. Es d\u00fcrfen in der Kirche au\u00dfer dem Zelebranten h\u00f6chstens 4 Diakone bzw. weitere Akolythen (Messdiener) anwesend sein. Die Anwesenden m\u00fcssen w\u00e4hrend der Hl. Liturgie, selbstverst\u00e4ndlich auch dar\u00fcber hinaus, allen empfohlenen Vorsichtsma\u00dfnahmen des Gesundheitsministeriums Folge leisten.<\/li>\n<li>Es ist empfehlenswert, sowohl in K\u00f6ln, als auch in G\u00f6ppingen Live-\u00dcbertragungen der Gottesdienste z. B. via Facebook zu gew\u00e4hrleisten. Somit k\u00f6nnen viele Gl\u00e4ubige die M\u00f6glichkeit erhalten, die heilige und g\u00f6ttliche Liturgie mit zu verfolgen und Zuhause mitzubeten.<\/li>\n<li>Bez\u00fcglich der Gottesdienste zur Karwoche und zum Osterfest werden die Bestimmungen unserer Di\u00f6zese gesondert mitgeteilt.<\/li>\n<li>Alle Familien, die bis zum Ende April mit dem Sekretariat der Di\u00f6zese Tauftermine vereinbart haben, bitte ich in Absprache mit unserem B\u00fcro, die Termine abzusagen bzw. auf eine viel sp\u00e4tere Zeit zu verschieben.<\/li>\n<li>Alle Paare, die einen Trautermin mit der Di\u00f6zese unmittelbar nach dem Osterfest bis Ende April vereinbart haben, sind gebeten, diese Termine, in Absprache mit unserem B\u00fcro, auf eine viel sp\u00e4tere Zeit zu verschieben. Alternativ kann die Trauung nur in Anwesenheit von zwei Trauzeugen und unter Ausschluss der weiteren Traug\u00e4ste stattfinden.<\/li>\n<\/ul>\n<p>Falls jemand im diesen Zeitraum ein Seelenamt f\u00fcr die k\u00fcrzlich entschlafenen Familienangeh\u00f6rigen auf dem Friedhof vereinbart hat, weisen wir darauf hin, dass das Gebet nur im Kreis der engen Familienangeh\u00f6rigen stattfinden kann und darf. Das Gedenken an die\/den Verstorbene\/n und das Seelenamt kann auch w\u00e4hrend der sonnt\u00e4glichen Hl. Liturgie in K\u00f6ln und G\u00f6ppingen, ohne Anwesenheit der Familienangeh\u00f6rigen, stattfinden. Diesbez\u00fcglich bitte ich, sich rechtzeitig mit dem Sekretariat der Di\u00f6zese in Verbindung zu setzen.<\/p>\n<p>Unsere Geistlichen stehen unseren Gl\u00e4ubigen stets pastoral zur Verf\u00fcgung. Ich bitte unsere Gl\u00e4ubigen, sich bei Bedarf telefonisch, ohne zu z\u00f6gern, mit ihnen in Verbindung zu setzen. Sie sind auch gern bereit, f\u00fcr die Kranken und \u00e4lteren Gemeindemitglieder Eink\u00e4ufe zu t\u00e4tigen. Auch in dieser Krisenzeit bleiben wir als Seelsorger an der Seite unserer Gl\u00e4ubigen und aller Menschen in Deutschland und sind mit ihnen im Gebet verbunden. Das Gebot der N\u00e4chstenliebe bewahrheitet sich insbesondere in diesen f\u00fcr uns alle schwierigen Zeiten.<\/p>\n<p><strong>2. Nicht-liturgische Aktivit\u00e4ten:<\/strong><\/p>\n<ul>\n<li>Alle nicht liturgischen Gemeindeaktivit\u00e4ten vor und unmittelbar nach dem Osterfest m\u00fcssen abgesagt werden. Bez\u00fcglich der geplanten Gedenkveranstaltungen anl\u00e4sslich des 105. Jahrestages des V\u00f6lkermordes an den Armeniern wird separat noch mitgeteilt.<\/li>\n<\/ul>\n<hr \/>\n<p>Die aktuelle Situation ist sehr ernst. Jeder einzelne von uns tr\u00e4gt eine gro\u00dfe Eigenverantwortung gegen\u00fcber der Gesellschaft. Angesichts der aktuellen Ausbreitung der Pandemie fordere ich unsere Gemeindemitglieder daher auf, sich ihrer Verantwortung f\u00fcr die eigene Gesundheit und die ihrer Mitmenschen, Freunde und Familienangeh\u00f6rigen bewusst zu sein und in erh\u00f6hter Aufmerksamkeit den Anweisungen und Empfehlungen des Bundesministeriums f\u00fcr Gesundheit zu folgen und insbesondere die empfohlenen Hygienema\u00dfnahmen zu beachten.<\/p>\n<p>Es ist sehr empfehlenswert und notwendig, in den n\u00e4chsten Wochen, so weit wie m\u00f6glich, zu Hause zu bleiben und soziale Kontakte ganz zu minimieren, getreu dem Motto \u201eIch bleibe Zuhause und wirke betend\u201c. Trotz der beunruhigenden Zeiten und weiteren Ausbreitung der Pandemie ist es dennoch ganz wichtig, Ruhe und Besonnenheit zu bewahren und nicht in Panik zu geraten. Au\u00dferdem ist es wichtig, nur den offiziellen Berichterstattungen der zust\u00e4ndigen Beh\u00f6rden zu vertrauen und sich von den s. g. \u201eFake-News\u201c nicht manipulieren zu lassen.<\/p>\n<p>Vor dieser besonderen Herausforderung lasst uns im Gebet verbunden sein und f\u00fcreinander beten, dass uns unser Herr Jesus Christus an den Schmerzen des gegenw\u00e4rtigen Augenblicks vorbeif\u00fchrt und uns Mut und Hoffnung schenkt. Gott sagt: \u201eF\u00fcrchte dich nicht, denn ich bin mit dir; hab keine Angst, denn ich bin dein Gott!\u201c (<a href=\"https:\/\/www.bibleserver.com\/EU\/Jesaja41%2C10\" class=\"bibleserver extern\" target=\"_blank\" rel=\"noopener noreferrer\">Jes 41, 10<\/a>). In diesem Sinne lasst uns gemeinsam beten: \u201eHerr, unser Gott, schau vom Himmel auf uns alle herab, auf alle Deine Diener, die angesichts dieser gegenw\u00e4rtigen Pandemie unter der Angst und Unsicherheit leiden, die sich Sorgen um die Gesundheit ihrer selbst und ihrer Familien machen und schenke uns allen Mut und Hoffnung, damit wir zuversichtlich bleiben und nicht in Panik geraten, um auch diese Pandemie ohne Verluste \u00fcberwinden zu k\u00f6nnen. Und Dir geb\u00fchrt Ruhm, Herrschaft und Ehre, jetzt und immer und bis in alle Ewigkeit. Amen.\u201c<\/p>\n<p>Im Gebet stets verbunden<br \/>\nEuer Bischof Serovp\u00e9 Isakhanyan<br \/>\nPrimas der Di\u00f6zese<\/p>\n<\/div><div class=\"fusion-sep-clear\"><\/div><div class=\"fusion-separator fusion-full-width-sep\" style=\"margin-left: auto;margin-right: auto;margin-top:30px;margin-bottom:30px;width:100%;\"><div class=\"fusion-separator-border sep-double\" style=\"--awb-height:20px;--awb-amount:20px;--awb-sep-color:#ffac00;border-color:#ffac00;border-top-width:1px;border-bottom-width:1px;\"><\/div><\/div><div class=\"fusion-sep-clear\"><\/div><div class=\"fusion-clearfix\"><\/div><\/div><\/div><\/div><\/div><div class=\"fusion-fullwidth fullwidth-box fusion-builder-row-4 nonhundred-percent-fullwidth non-hundred-percent-height-scrolling\" style=\"--awb-border-radius-top-left:0px;--awb-border-radius-top-right:0px;--awb-border-radius-bottom-right:0px;--awb-border-radius-bottom-left:0px;--awb-flex-wrap:wrap;\" ><div class=\"fusion-builder-row fusion-row\"><div class=\"fusion-layout-column fusion_builder_column fusion-builder-column-5 fusion_builder_column_1_1 1_1 fusion-one-full fusion-column-first fusion-column-last\" style=\"--awb-bg-size:cover;\"><div class=\"fusion-column-wrapper fusion-column-has-shadow fusion-flex-column-wrapper-legacy\"><div class=\"fusion-title title fusion-title-4 fusion-title-center fusion-title-text fusion-title-size-two\"><div class=\"title-sep-container title-sep-container-left\"><div class=\"title-sep sep-double sep-solid\" style=\"border-color:#e2e2e2;\"><\/div><\/div><span class=\"awb-title-spacer\"><\/span><h2 class=\"fusion-title-heading title-heading-center\" style=\"margin:0;\">Online &#8211; Gottesdienste<\/h2><span class=\"awb-title-spacer\"><\/span><div class=\"title-sep-container title-sep-container-right\"><div class=\"title-sep sep-double sep-solid\" style=\"border-color:#e2e2e2;\"><\/div><\/div><\/div><div class=\"fusion-clearfix\"><\/div><\/div><\/div><div class=\"fusion-layout-column fusion_builder_column fusion-builder-column-6 fusion_builder_column_1_2 1_2 fusion-one-half fusion-column-first\" style=\"--awb-bg-size:cover;width:50%;width:calc(50% - ( ( 4% ) * 0.5 ) );margin-right: 4%;\"><div class=\"fusion-column-wrapper fusion-column-has-shadow fusion-flex-column-wrapper-legacy\"><div class=\"fusion-video fusion-youtube\" style=\"--awb-max-width:600px;--awb-max-height:360px;\"><div class=\"video-shortcode\"><div class=\"fluid-width-video-wrapper\" style=\"padding-top:60%;\" ><iframe title=\"YouTube video player 1\" src=\"https:\/\/www.youtube.com\/embed\/c7NIyLHQFCY?wmode=transparent&autoplay=0\" width=\"600\" height=\"360\" allowfullscreen allow=\"autoplay; fullscreen\"><\/iframe><\/div><\/div><\/div><div class=\"fusion-clearfix\"><\/div><\/div><\/div><div class=\"fusion-layout-column fusion_builder_column fusion-builder-column-7 fusion_builder_column_1_2 1_2 fusion-one-half fusion-column-last\" style=\"--awb-bg-size:cover;width:50%;width:calc(50% - ( ( 4% ) * 0.5 ) );\"><div class=\"fusion-column-wrapper fusion-column-has-shadow fusion-flex-column-wrapper-legacy\"><div class=\"fusion-video fusion-youtube\" style=\"--awb-max-width:600px;--awb-max-height:360px;\"><div class=\"video-shortcode\"><div class=\"fluid-width-video-wrapper\" style=\"padding-top:60%;\" ><iframe title=\"YouTube video player 2\" src=\"https:\/\/www.youtube.com\/embed\/Lxr6Vr4wd_Y?wmode=transparent&autoplay=0\" width=\"600\" height=\"360\" allowfullscreen allow=\"autoplay; fullscreen\"><\/iframe><\/div><\/div><\/div><div class=\"fusion-clearfix\"><\/div><\/div><\/div><div class=\"fusion-layout-column fusion_builder_column fusion-builder-column-8 fusion_builder_column_1_1 1_1 fusion-one-full fusion-column-first fusion-column-last\" style=\"--awb-bg-size:cover;\"><div class=\"fusion-column-wrapper fusion-column-has-shadow fusion-flex-column-wrapper-legacy\"><div class=\"fusion-sep-clear\"><\/div><div class=\"fusion-separator fusion-full-width-sep\" style=\"margin-left: auto;margin-right: auto;margin-top:30px;margin-bottom:30px;width:100%;\"><div class=\"fusion-separator-border sep-double\" style=\"--awb-height:20px;--awb-amount:20px;--awb-sep-color:#ffac00;border-color:#ffac00;border-top-width:1px;border-bottom-width:1px;\"><\/div><\/div><div class=\"fusion-sep-clear\"><\/div><div class=\"fusion-clearfix\"><\/div><\/div><\/div><\/div><\/div><div class=\"fusion-fullwidth fullwidth-box fusion-builder-row-5 nonhundred-percent-fullwidth non-hundred-percent-height-scrolling\" style=\"--awb-border-radius-top-left:0px;--awb-border-radius-top-right:0px;--awb-border-radius-bottom-right:0px;--awb-border-radius-bottom-left:0px;--awb-flex-wrap:wrap;\" ><div class=\"fusion-builder-row fusion-row\"><div class=\"fusion-layout-column fusion_builder_column fusion-builder-column-9 fusion_builder_column_1_1 1_1 fusion-one-full fusion-column-first fusion-column-last\" style=\"--awb-bg-size:cover;\"><div class=\"fusion-column-wrapper fusion-column-has-shadow fusion-flex-column-wrapper-legacy\"><div class=\"fusion-title title fusion-title-5 fusion-title-center fusion-title-text fusion-title-size-two\"><div class=\"title-sep-container title-sep-container-left\"><div class=\"title-sep sep-double sep-solid\" style=\"border-color:#e2e2e2;\"><\/div><\/div><span class=\"awb-title-spacer\"><\/span><h2 class=\"fusion-title-heading title-heading-center\" style=\"margin:0;\">Erfahren Sie mehr<\/h2><span class=\"awb-title-spacer\"><\/span><div class=\"title-sep-container title-sep-container-right\"><div class=\"title-sep sep-double sep-solid\" style=\"border-color:#e2e2e2;\"><\/div><\/div><\/div><div class=\"fusion-clearfix\"><\/div><\/div><\/div><div class=\"fusion-layout-column fusion_builder_column fusion-builder-column-10 fusion_builder_column_1_2 1_2 fusion-one-half fusion-column-first\" style=\"--awb-bg-size:cover;width:50%;width:calc(50% - ( ( 4% ) * 0.5 ) );margin-right: 4%;\"><div class=\"fusion-column-wrapper fusion-column-has-shadow fusion-flex-column-wrapper-legacy\"><div class=\"fusion-text fusion-text-2\"><p><span style=\"color: #003366;\"><strong>Aktuelle Reisewarnungen des Ausw\u00e4rtigen Amtes<\/strong><\/span><br \/>\n<span style=\"color: #ff9900;\"><strong><a style=\"color: #ff9900;\" href=\"https:\/\/www.auswaertiges-amt.de\/de\/ReiseUndSicherheit\/10.2.8Reisewarnungen\" target=\"_blank\" rel=\"noopener noreferrer\">\u21d2 weiter lesen<\/a><\/strong><\/span><\/p>\n<p><span style=\"color: #003366;\"><strong>Seite des Robert-Koch-Instituts zum Coronavirus<\/strong><\/span><br \/>\n<span style=\"color: #ff9900;\"><strong><a style=\"color: #ff9900;\" href=\"https:\/\/www.rki.de\/DE\/Content\/InfAZ\/N\/Neuartiges_Coronavirus\/nCoV_node.html\" target=\"_blank\" rel=\"noopener noreferrer\">\u21d2 weiter lesen<\/a><\/strong><\/span><\/p>\n<p><span style=\"color: #003366;\"><strong>Seite des Bundesgesundheitsministeriums<\/strong><\/span><br \/>\n<span style=\"color: #ff9900;\"><strong><a style=\"color: #ff9900;\" href=\"https:\/\/www.bundesgesundheitsministerium.de\/coronavirus.html\" target=\"_blank\" rel=\"noopener noreferrer\">\u21d2 weiter lesen<\/a><\/strong><\/span><\/p>\n<p><span style=\"color: #003366;\"><strong>Seite der Bundesregierung zur Corona-Pandemie<\/strong><\/span><br \/>\n<span style=\"color: #ff9900;\"><strong><a style=\"color: #ff9900;\" href=\"https:\/\/www.bundesregierung.de\/breg-de\/themen\/coronavirus\/ausbreitung-coronavirus-1716188\" target=\"_blank\" rel=\"noopener noreferrer\">\u21d2 weiter lesen<\/a><\/strong><\/span><\/p>\n<\/div><div class=\"fusion-clearfix\"><\/div><\/div><\/div><div class=\"fusion-layout-column fusion_builder_column fusion-builder-column-11 fusion_builder_column_1_2 1_2 fusion-one-half fusion-column-last\" style=\"--awb-bg-size:cover;width:50%;width:calc(50% - ( ( 4% ) * 0.5 ) );\"><div class=\"fusion-column-wrapper fusion-column-has-shadow fusion-flex-column-wrapper-legacy\"><div class=\"fusion-video fusion-youtube fusion-aligncenter\" style=\"--awb-max-width:600px;--awb-max-height:360px;--awb-width:100%;\"><div class=\"video-shortcode\"><div class=\"fluid-width-video-wrapper\" style=\"padding-top:60%;\" ><iframe title=\"YouTube video player 3\" src=\"https:\/\/www.youtube.com\/embed\/1nM4_zXQsKc?wmode=transparent&autoplay=0\" width=\"600\" height=\"360\" allowfullscreen allow=\"autoplay; fullscreen\"><\/iframe><\/div><\/div><\/div><div class=\"fusion-clearfix\"><\/div><\/div><\/div><\/div><\/div><\/p>","protected":false},"excerpt":{"rendered":"","protected":false},"author":1,"featured_media":0,"parent":0,"menu_order":0,"comment_status":"closed","ping_status":"closed","template":"","meta":{"footnotes":""},"class_list":["post-4486","page","type-page","status-publish","hentry"],"_links":{"self":[{"href":"https:\/\/hessen.dakd.de\/am\/wp-json\/wp\/v2\/pages\/4486","targetHints":{"allow":["GET"]}}],"collection":[{"href":"https:\/\/hessen.dakd.de\/am\/wp-json\/wp\/v2\/pages"}],"about":[{"href":"https:\/\/hessen.dakd.de\/am\/wp-json\/wp\/v2\/types\/page"}],"author":[{"embeddable":true,"href":"https:\/\/hessen.dakd.de\/am\/wp-json\/wp\/v2\/users\/1"}],"replies":[{"embeddable":true,"href":"https:\/\/hessen.dakd.de\/am\/wp-json\/wp\/v2\/comments?post=4486"}],"version-history":[{"count":0,"href":"https:\/\/hessen.dakd.de\/am\/wp-json\/wp\/v2\/pages\/4486\/revisions"}],"wp:attachment":[{"href":"https:\/\/hessen.dakd.de\/am\/wp-json\/wp\/v2\/media?parent=4486"}],"curies":[{"name":"wp","href":"https:\/\/api.w.org\/{rel}","templated":true}]}}